
{"id":12,"date":"2025-08-12T23:31:59","date_gmt":"2025-08-12T21:31:59","guid":{"rendered":"http:\/\/new.queerbase.at\/?page_id=12"},"modified":"2025-11-27T16:00:49","modified_gmt":"2025-11-27T14:00:49","slug":"home-page","status":"publish","type":"page","link":"https:\/\/new.queerbase.at\/de\/","title":{"rendered":"Queer Base"},"content":{"rendered":"<p><strong>Hier finden Sie kompakte Infos, wenn Sie als queerer Fl\u00fcchtling Hilfe brauchen. Sie wollen mehr wissen, dann besuchen Sie unsere&nbsp;<a href=\"https:\/\/friends.queerbase.at\/\" target=\"_blank\" rel=\"noreferrer noopener\">Freunde der Queer Base<\/a>&nbsp;Website!<\/strong><\/p>\n\n\n\n<p>Werden Sie in Ihrem Herkunftsland verfolgt oder aufgrund Ihrer Sexualit\u00e4t oder Geschlechtsidentit\u00e4t diskriminiert? Queer Base hilft und unterst\u00fctzt Lesben, Schwule, Bisexuelle, Trans*, Intersexuelle und queere\/zweifelnde Menschen (LGBTIQ), die nach \u00d6sterreich geflohen sind.<\/p>\n\n\n<style>\n    .line-accent {\n        width: var(--container-width);\n        margin-left: calc(var(--page-content-padding) * -1);\n        margin-right: calc(var(--page-content-padding) * -1);\n        padding: 12px var(--page-content-padding);\n    }\n\n    .line-accent__text p:first-child {\n        margin-top: 0;\n    }\n\n    .line-accent__text p:last-child {\n        margin-bottom: 0;\n    }\n\n    @media screen and (max-width: 768px) {\n        .line-accent {\n            width: calc(100% + (var(--page-content-padding) * 2));\n            margin-left: calc(var(--page-content-padding) * -1);\n            margin-right: calc(var(--page-content-padding) * -1);\n        }\n        \n    }\n<\/style>\n<div class=\"line-accent\" style=\"background-color: #662D91; color: #fff\">\n    <div class=\"line-accent__text\"><p><strong>Queer Base bietet regelm\u00e4\u00dfige, f\u00fcr jedermann zug\u00e4ngliche Beratungsgespr\u00e4che an, die sich mit Asyl- und LGBTIQ-Themen befassen.\u00a0<\/strong><\/p>\n<\/div>\n<\/div>\n\n\n<p class=\"translation-block\">Wir bieten Beratung zu folgenden Themen: rechtliche Angelegenheiten, soziale Aspekte und Coming Out, sowie Vernetzung mit der Community und die Unterst\u00fctzung f\u00fcr medizinisch und psychologisch Fragen. Wir verweisen Sie dann an Expert:innen f\u00fcr diese Bereiche. Wir bieten auch Fortbildungen und Workshops f\u00fcr Organisationen, die im Asylbereich t\u00e4tig sind.<\/p>\n\n\n\n<p class=\"translation-block\">Fragen zu Ihrer sexuellen Orientierung und Geschlechtsidentit\u00e4t sind eine sehr heikle Angelegenheit. Deshalb arbeiten wir meist mit \u00dcbersetzer:innen zusammen, die selbst LGBTIQ sind. Gemeinsam mit der Diakonie Lares, Tralalobe, Volkshilfe, Samariterbund und Caritas vermitteln wir sicher Unterbringungen f\u00fcr LGBTIQ-Asylwerber:innen, die einen Asylantrag gestellt haben.<\/p>\n\n\n\n<p>Jeden Donnerstag um 18 Uhr sind Sie herzlich eingeladen, dabei zu sein <a href=\"https:\/\/new.queerbase.at\/de\/queer-base-cafe\/\" data-type=\"page\" data-id=\"52\">Queer Base Caf\u00e9<\/a> und um uns kennenzulernen!<\/p>\n\n\n\n<p><strong>Unsere \u00d6ffnungszeiten sind<\/strong><br>Montag 11 Uhr - 17 Uhr<br>Dienstag 11 Uhr - 13 Uhr<br>Mittwoch 11 Uhr - 17 Uhr<br>Donnerstag 15.00 - 18.00 Uhr<\/p>\n\n\n\n<p><strong>So finden Sie uns:<\/strong><br>Website:&nbsp;<a href=\"http:\/\/queerbase.at\/\">http:\/\/queerbase.at\/<\/a><br><a href=\"http:\/\/friends.queerbase.at\/\">http:\/\/friends.queerbase.at\/<\/a><br>E-Mail:&nbsp;<a href=\"mailto:asylum@queerbase.at\">asylum@queerbase.at<\/a><br>Telefon: 00436646594171<br>Adresse: Schl\u00fcsselgasse 3\/3 1040 Wien<br>Wie Sie uns erreichen: 13A Johann-Strau\u00df-Gasse | U1 Taubstummengasse<\/p>","protected":false},"excerpt":{"rendered":"<p>Hier finden Sie kompakte Informationen, wenn Sie als queerer Fl\u00fcchtling Hilfe ben\u00f6tigen. Du willst mehr wissen, dann besuche unsere Website von Friends of Queer Base! Werden Sie in Ihrem Herkunftsland aufgrund Ihrer Sexualit\u00e4t oder Geschlechtsidentit\u00e4t verfolgt oder diskriminiert? Queer Base hilft und unterst\u00fctzt Lesben, Schwule, Bisexuelle, Transsexuelle,\u2026<\/p>","protected":false},"author":1,"featured_media":0,"parent":0,"menu_order":0,"comment_status":"closed","ping_status":"closed","template":"","meta":{"_acf_changed":false,"footnotes":""},"class_list":["post-12","page","type-page","status-publish","hentry"],"acf":[],"_links":{"self":[{"href":"https:\/\/new.queerbase.at\/de\/wp-json\/wp\/v2\/pages\/12","targetHints":{"allow":["GET"]}}],"collection":[{"href":"https:\/\/new.queerbase.at\/de\/wp-json\/wp\/v2\/pages"}],"about":[{"href":"https:\/\/new.queerbase.at\/de\/wp-json\/wp\/v2\/types\/page"}],"author":[{"embeddable":true,"href":"https:\/\/new.queerbase.at\/de\/wp-json\/wp\/v2\/users\/1"}],"replies":[{"embeddable":true,"href":"https:\/\/new.queerbase.at\/de\/wp-json\/wp\/v2\/comments?post=12"}],"version-history":[{"count":9,"href":"https:\/\/new.queerbase.at\/de\/wp-json\/wp\/v2\/pages\/12\/revisions"}],"predecessor-version":[{"id":150,"href":"https:\/\/new.queerbase.at\/de\/wp-json\/wp\/v2\/pages\/12\/revisions\/150"}],"wp:attachment":[{"href":"https:\/\/new.queerbase.at\/de\/wp-json\/wp\/v2\/media?parent=12"}],"curies":[{"name":"wp","href":"https:\/\/api.w.org\/{rel}","templated":true}]}}