
{"id":52,"date":"2025-08-13T10:54:21","date_gmt":"2025-08-13T08:54:21","guid":{"rendered":"http:\/\/new.queerbase.at\/?page_id=52"},"modified":"2025-12-05T13:47:11","modified_gmt":"2025-12-05T11:47:11","slug":"queer-base-cafe","status":"publish","type":"page","link":"https:\/\/new.queerbase.at\/de\/queer-base-cafe\/","title":{"rendered":"Queer Base Caf\u00e9"},"content":{"rendered":"<p><strong>HALLO UND WILLKOMMEN!<\/strong> <strong>Eine z\u00e4rtliche, liebevolle und f\u00fcrsorgliche Gemeinschaft f\u00fcr alle<\/strong><\/p>\n\n\n\n<p>Die Queer Base ist ein besonderer Ort und unser Queer Base Caf\u00e9 hat viele verschiedene Menschen mit unterschiedlichem Hintergrund und unterschiedlichen Geschichten gesehen und bietet einen Raum, in dem man zusammenkommen und sich willkommen f\u00fchlen kann.<\/p>\n\n\n<style>\n    .line-accent {\n        width: var(--container-width);\n        margin-left: calc(var(--page-content-padding) * -1);\n        margin-right: calc(var(--page-content-padding) * -1);\n        padding: 12px var(--page-content-padding);\n    }\n\n    .line-accent__text p:first-child {\n        margin-top: 0;\n    }\n\n    .line-accent__text p:last-child {\n        margin-bottom: 0;\n    }\n\n    @media screen and (max-width: 768px) {\n        .line-accent {\n            width: calc(100% + (var(--page-content-padding) * 2));\n            margin-left: calc(var(--page-content-padding) * -1);\n            margin-right: calc(var(--page-content-padding) * -1);\n        }\n        \n    }\n<\/style>\n<div class=\"line-accent\" style=\"background-color: #662D91; color: #ffffff\">\n    <div class=\"line-accent__text\"><p><strong>Jeden Donnerstag von 18 \u2013 20 Uhr ist das Queer Base Caf\u00e9 ge\u00f6ffnet. Jeden letzten Donnerstag im Monat findet das LesBiTrans Caf\u00e9 statt, also ein Caf\u00e9 ohne Cis-M\u00e4nner.\u00a0<\/strong><\/p>\n<\/div>\n<\/div>\n\n\n<p>Die Queer Base-Community ist in ihrer Mischung an Menschen eine der lebendigsten Umgebungen, die Wien zu bieten hat. Es ist voller Freude und voller Geschichten von Queers, die viel Risiko eingehen mussten, um hierher zu kommen.<\/p>\n\n\n\n<p>Jeder hier sucht nach Sicherheit, um sein Leben in vollen Z\u00fcgen genie\u00dfen zu k\u00f6nnen und sich nicht mehr daf\u00fcr zu sch\u00e4men, weil man lesbisch, bisexuell, schwul, trans oder intersexuell ist.<\/p>\n\n\n\n<p><strong>Gemeinsam m\u00fcssen wir uns auch um die R\u00e4ume k\u00fcmmern, die wir er\u00f6ffnen, damit sich jeder willkommen, respektiert und geliebt f\u00fchlen kann. Wie k\u00f6nnen wir das machen?<\/strong><\/p>\n\n\n\n<p>Stellen Sie sich vor, jemand ist zum ersten Mal bei Queer Base. Sagt jemand Hallo? Wir sind alle hier zu Gast, aber einige von uns kennen bereits ein paar andere. Stellen Sie sich vor und pr\u00fcfen Sie, ob der Neuling bereit ist zu antworten.<\/p>\n\n\n\n<p>Wir alle haben unterschiedliche Arten, Hallo zu sagen: Manche geben uns die Hand, manche k\u00fcssen uns auf die Wangen, andere umarmen uns oder klopfen uns mit der Hand auf die Brust. Wir zeigen unseren Respekt gegen\u00fcber dem K\u00f6rper des Gegen\u00fcbers und fragen, welche Art der Begr\u00fc\u00dfung er bevorzugt. Bist du ein Gr\u00f6\u00dfer? Bitte achten Sie darauf, welche Signale die Leute senden. Wir alle haben unsere sch\u00fcchternen Momente.<\/p>\n\n\n\n<p><strong>Wir alle wollen pers\u00f6nliche Grenzen respektieren. Sicher!<\/strong><\/p>\n\n\n\n<p>Jeder soll sich willkommen f\u00fchlen, auch nicht an seinen besten Tagen. Manchmal m\u00f6chten wir \u00fcberhaupt nicht ber\u00fchrt werden, auch wenn wir uns vielleicht in der Woche zuvor umarmt haben. Wenn jemand mit seinem K\u00f6rper zeigt, dass er mehr Abstand braucht, seien Sie bitte respektvoll. Wenn jemand \u201eNein\u201c sagt, Sie wegst\u00f6\u00dft und sich offensichtlich unwohl f\u00fchlt, h\u00f6ren Sie auf, was Sie tun, und geben Sie Raum zum Atmen.<\/p>\n\n\n\n<p>F\u00fcr uns alle ist es wichtig, dass wir uns in unserer eigenen Gemeinschaft sicher und respektiert f\u00fchlen k\u00f6nnen. F\u00fcr viele ist es ein Ort der Ruhe, Freude und Aufregung. Wir m\u00f6chten den Raum f\u00fcr m\u00f6glichst viele offen halten.<\/p>\n\n\n\n<p>Auch im Queer Base Caf\u00e9 servieren wir keinen Alkohol, obwohl es in \u00d6sterreich weit verbreitet ist, Alkohol zu trinken. Aus unserer Erfahrung wissen wir, dass Menschen besser kommunizieren k\u00f6nnen, wenn sie nicht betrunken oder anderweitig berauscht sind. Bitte bringen Sie keinen Alkohol mit und wenn Sie Alkohol trinken, tun Sie dies mit Zur\u00fcckhaltung, nehmen Sie im Caf\u00e9 keine Drogen.<\/p>\n\n\n\n<p><strong>Wir wollen bei Konflikten nicht wegsehen!<\/strong><\/p>\n\n\n\n<p>Manchmal sind die Leute ver\u00e4rgert, es kann ein Konflikt entstehen, ein Drama zeichnet sich ab, eine Diskussion wird hitzig. \u00dcberlegen Sie, was es braucht, um sich selbst und eine Situation zu beruhigen. Unser gr\u00f6\u00dftes Ziel ist es, z\u00e4rtliche, liebevolle Betreuung und Raum f\u00fcr ganz unterschiedliche Geschichten und Erfahrungen zu bieten. Wenn wir hinschauen, k\u00f6nnen wir viele Konflikte finden, aber wenn wir mit der Absicht der Liebe und des Respekts suchen, k\u00f6nnen wir auch einen friedlicheren Weg finden. Es gibt viele Gr\u00fcnde, frustriert und w\u00fctend zu sein, aber wir wollen diese Wut nicht auf unsere eigene Gemeinschaft richten. Wenn Sie \u00fcberfordert sind, k\u00f6nnte es hilfreich sein, jemanden von Queer Base um ein Gespr\u00e4ch zu bitten, sich etwas mehr Zeit zu nehmen und einen Termin mit uns zu vereinbaren. Wir sind hier, um zuzuh\u00f6ren.<\/p>\n\n\n<style>\n    .line-accent {\n        width: var(--container-width);\n        margin-left: calc(var(--page-content-padding) * -1);\n        margin-right: calc(var(--page-content-padding) * -1);\n        padding: 12px var(--page-content-padding);\n    }\n\n    .line-accent__text p:first-child {\n        margin-top: 0;\n    }\n\n    .line-accent__text p:last-child {\n        margin-bottom: 0;\n    }\n\n    @media screen and (max-width: 768px) {\n        .line-accent {\n            width: calc(100% + (var(--page-content-padding) * 2));\n            margin-left: calc(var(--page-content-padding) * -1);\n            margin-right: calc(var(--page-content-padding) * -1);\n        }\n        \n    }\n<\/style>\n<div class=\"line-accent\" style=\"background-color: #662D91; color: #ffffff\">\n    <div class=\"line-accent__text\"><p><strong>Was ist deiner Meinung nach wichtig, damit du dich bei Queer Base willkommen und sicher f\u00fchlst? Lassen Sie es uns wissen<\/strong>. <strong>Schreiben Sie uns eine Nachricht in unserer Feedback-Box!<\/strong><\/p>\n<\/div>\n<\/div>\n\n\n\n\n<p><\/p>","protected":false},"excerpt":{"rendered":"<p>HALLO UND WILLKOMMEN! Eine liebevolle, liebevolle und f\u00fcrsorgliche Gemeinschaft f\u00fcr alle. Die Queer Base ist ein besonderer Ort und unser Queer Base Caf\u00e9 hat viele verschiedene Menschen mit unterschiedlichem Hintergrund und unterschiedlichen Geschichten gesehen und bietet einen Raum, in dem man zusammenkommen und sich willkommen f\u00fchlen kann. .line-accent { width: var(\u2013container-width); margin-left: calc(var(\u2013page-content-padding) * -1); Rand rechts:\u2026<\/p>","protected":false},"author":1,"featured_media":0,"parent":0,"menu_order":0,"comment_status":"closed","ping_status":"closed","template":"","meta":{"_acf_changed":false,"footnotes":""},"class_list":["post-52","page","type-page","status-publish","hentry"],"acf":[],"_links":{"self":[{"href":"https:\/\/new.queerbase.at\/de\/wp-json\/wp\/v2\/pages\/52","targetHints":{"allow":["GET"]}}],"collection":[{"href":"https:\/\/new.queerbase.at\/de\/wp-json\/wp\/v2\/pages"}],"about":[{"href":"https:\/\/new.queerbase.at\/de\/wp-json\/wp\/v2\/types\/page"}],"author":[{"embeddable":true,"href":"https:\/\/new.queerbase.at\/de\/wp-json\/wp\/v2\/users\/1"}],"replies":[{"embeddable":true,"href":"https:\/\/new.queerbase.at\/de\/wp-json\/wp\/v2\/comments?post=52"}],"version-history":[{"count":6,"href":"https:\/\/new.queerbase.at\/de\/wp-json\/wp\/v2\/pages\/52\/revisions"}],"predecessor-version":[{"id":167,"href":"https:\/\/new.queerbase.at\/de\/wp-json\/wp\/v2\/pages\/52\/revisions\/167"}],"wp:attachment":[{"href":"https:\/\/new.queerbase.at\/de\/wp-json\/wp\/v2\/media?parent=52"}],"curies":[{"name":"wp","href":"https:\/\/api.w.org\/{rel}","templated":true}]}}