
{"id":55,"date":"2025-08-13T11:08:52","date_gmt":"2025-08-13T09:08:52","guid":{"rendered":"http:\/\/new.queerbase.at\/?page_id=55"},"modified":"2025-11-27T16:55:44","modified_gmt":"2025-11-27T14:55:44","slug":"impressum","status":"publish","type":"page","link":"https:\/\/new.queerbase.at\/de\/impressum\/","title":{"rendered":"Impressum"},"content":{"rendered":"<p>Queer Base \u2013 Willkommen und Unterst\u00fctzung f\u00fcr LGBTIQ-Fl\u00fcchtlinge<br>Anlaufstelle f\u00fcr lesbische, schwule, bisexuelle, inter*, Trans*Gender und queere Fl\u00fcchtlinge<br>ZVR \u2013 Zahl: 785753514<br>Adresse: Schl\u00fcsselgasse 3\/3, 1040 Wien<br>Tel.: +43 664 6594171<br>E-Mail: asylum@queerbase.at<\/p>\n\n\n\n<p>Kontoinhaberin: Queer Base Willkommen und Unterst\u00fctzung f\u00fcr LGBTIQ-Fl\u00fcchtlinge<br>IBAN: AT21 2011 1843 4862 8801<br>BIC: GIBAATWWXXX<\/p>\n\n\n\n<p><strong>Planke<\/strong><br>Vorsitz: Giti Pouria<br>Co-Vorsitzender: Dr. Gorji Marzban<br>Schatzmeisterin: Angela Schwarz<br>Co-Schatzmeister: Mag. Philip Kopal<br>Sekret\u00e4r: Lazkin Jafar<br>Co-Sekret\u00e4rin: Rebecca Kirsche<\/p>","protected":false},"excerpt":{"rendered":"<p>Queer Base \u2013 Welcome and Support for LGBTIQ RefugeesAnlaufstelle f\u00fcr lesbische, schwule, bisexuelle, inter*, Trans*Gender und queere Fl\u00fcchtlingeZVR \u2013 Zahl: 785753514Adresse: Schl\u00fcsselgasse 3\/3, 1040 WienTel.: +43 664 6594171Email: asylum@queerbase.at Kontoinhaberin: Queer Base Welcome and Support for LGBTIQ RefugeesIBAN: AT21 2011 1843 4862 8801BIC: GIBAATWWXXX Vorstandsvorsitzender: Giti Pouriaco-Vorsitzender: Dr. Gorji Marzbantschatzmeister: Angela Schwarzco-Schatzmeister: Mag. Philip KopalSekret\u00e4r:\u2026<\/p>","protected":false},"author":1,"featured_media":0,"parent":0,"menu_order":0,"comment_status":"closed","ping_status":"closed","template":"","meta":{"_acf_changed":false,"footnotes":""},"class_list":["post-55","page","type-page","status-publish","hentry"],"acf":[],"_links":{"self":[{"href":"https:\/\/new.queerbase.at\/de\/wp-json\/wp\/v2\/pages\/55","targetHints":{"allow":["GET"]}}],"collection":[{"href":"https:\/\/new.queerbase.at\/de\/wp-json\/wp\/v2\/pages"}],"about":[{"href":"https:\/\/new.queerbase.at\/de\/wp-json\/wp\/v2\/types\/page"}],"author":[{"embeddable":true,"href":"https:\/\/new.queerbase.at\/de\/wp-json\/wp\/v2\/users\/1"}],"replies":[{"embeddable":true,"href":"https:\/\/new.queerbase.at\/de\/wp-json\/wp\/v2\/comments?post=55"}],"version-history":[{"count":2,"href":"https:\/\/new.queerbase.at\/de\/wp-json\/wp\/v2\/pages\/55\/revisions"}],"predecessor-version":[{"id":152,"href":"https:\/\/new.queerbase.at\/de\/wp-json\/wp\/v2\/pages\/55\/revisions\/152"}],"wp:attachment":[{"href":"https:\/\/new.queerbase.at\/de\/wp-json\/wp\/v2\/media?parent=55"}],"curies":[{"name":"wp","href":"https:\/\/api.w.org\/{rel}","templated":true}]}}