
{"id":12,"date":"2025-08-12T23:31:59","date_gmt":"2025-08-12T21:31:59","guid":{"rendered":"http:\/\/new.queerbase.at\/?page_id=12"},"modified":"2025-11-27T16:00:49","modified_gmt":"2025-11-27T14:00:49","slug":"home-page","status":"publish","type":"page","link":"https:\/\/new.queerbase.at\/fr\/","title":{"rendered":"Queer Base"},"content":{"rendered":"<p><strong>Vous trouverez ici des informations compactes si vous \u00eates un r\u00e9fugi\u00e9 homosexuel ayant besoin d'aide. Si vous voulez en savoir plus, visitez notre&nbsp;<a href=\"https:\/\/friends.queerbase.at\/\" target=\"_blank\" rel=\"noreferrer noopener\">Amis de Queer Base<\/a>&nbsp;Site web !<\/strong><\/p>\n\n\n\n<p>\u00cates-vous pers\u00e9cut\u00e9 dans votre pays d'origine ou victime de discrimination en raison de votre sexualit\u00e9 ou de votre identit\u00e9 de genre ? Queer Base aide et soutient les lesbiennes, les gays, les bisexuels, les trans, les intersexes et les personnes queer\/en questionnement (LGBTIQ) qui ont fui en Autriche.<\/p>\n\n\n<style>\n    .line-accent {\n        width: var(--container-width);\n        margin-left: calc(var(--page-content-padding) * -1);\n        margin-right: calc(var(--page-content-padding) * -1);\n        padding: 12px var(--page-content-padding);\n    }\n\n    .line-accent__text p:first-child {\n        margin-top: 0;\n    }\n\n    .line-accent__text p:last-child {\n        margin-bottom: 0;\n    }\n\n    @media screen and (max-width: 768px) {\n        .line-accent {\n            width: calc(100% + (var(--page-content-padding) * 2));\n            margin-left: calc(var(--page-content-padding) * -1);\n            margin-right: calc(var(--page-content-padding) * -1);\n        }\n        \n    }\n<\/style>\n<div class=\"line-accent\" style=\"background-color: #662D91; color: #fff\">\n    <div class=\"line-accent__text\"><p><strong>Queer Base propose des sessions de consultation r\u00e9guli\u00e8res, ouvertes \u00e0 tous, qui abordent les questions relatives \u00e0 l'asile et aux LGBTIQ.\u00a0<\/strong><\/p>\n<\/div>\n<\/div>\n\n\n<p class=\"translation-block\">Nous offrons des conseils sur les questions <strong>juridiques<\/strong>, les aspects <strong>sociaux<\/strong> et le <strong>sortie du placard<\/strong>, ainsi qu'une mise en r\u00e9seau avec la communaut\u00e9 et un soutien pour les questions <strong>m\u00e9dicales<\/strong> et <strong>psychologiques<\/strong>. Nous vous orientons ensuite vers des experts dans ces domaines. Nous offrons \u00e9galement des possibilit\u00e9s de formation pour les organisations impliqu\u00e9es dans le syst\u00e8me d'asile.<\/p>\n\n\n\n<p class=\"translation-block\">Nous savons que <strong>traduire<\/strong> des questions sur votre orientation sexuelle et votre identit\u00e9 de genre est un sujet tr\u00e8s d\u00e9licat. C'est pourquoi nous travaillons principalement avec des traducteurs qui sont eux-m\u00eames LGBTIQ. En collaboration avec Diakonie Lares, Tralalobe, Volkshilfe, Samariterbund et Caritas, nous organisons l'h\u00e9bergement des demandeurs d'asile LGBTIQ qui ont d\u00e9pos\u00e9 leur demande d'asile.<\/p>\n\n\n\n<p>Tous les jeudis \u00e0 18h, vous \u00eates invit\u00e9s \u00e0 rejoindre le <a href=\"https:\/\/new.queerbase.at\/fr\/we-speak-many-languages-learning-german-queer-base\/\" data-type=\"page\" data-id=\"52\">Queer Base Caf\u00e9<\/a> et faire connaissance avec nous !<\/p>\n\n\n\n<p><strong>Nos heures d'ouverture sont<\/strong><br>Lundi 11 heures - 17 heures<br>Mardi 11 heures - 13 heures<br>Mercredi 11 heures - 17 heures<br>Jeudi 15h00 - 18h00<\/p>\n\n\n\n<p><strong>Voici comment nous trouver :<\/strong><br>Site web :&nbsp;<a href=\"http:\/\/queerbase.at\/\">http:\/\/queerbase.at\/<\/a><br><a href=\"http:\/\/friends.queerbase.at\/\">http:\/\/friends.queerbase.at\/<\/a><br>Courriel :&nbsp;<a href=\"mailto:asylum@queerbase.at\">asylum@queerbase.at<\/a><br>T\u00e9l\u00e9phone : 00436646594171<br>Adresse : Schl\u00fcsselgasse 3\/3 1040 Wien<br>Comment s'y rendre : 13A Johann-Strau\u00df-Gasse | U1 Taubstummengasse<\/p>","protected":false},"excerpt":{"rendered":"<p>Vous trouverez ici des informations compactes si vous \u00eates un r\u00e9fugi\u00e9 queer ayant besoin d'aide. Vous voulez en savoir plus, alors visitez notre site Web&nbsp;Friends of Queer Base&nbsp;! \u00cates-vous pers\u00e9cut\u00e9 dans votre pays d\u2019origine ou victime de discrimination en raison de votre sexualit\u00e9 ou de votre identit\u00e9 de genre ? Queer Base aide et soutient les lesbiennes, gays, bisexuels, trans,\u2026<\/p>","protected":false},"author":1,"featured_media":0,"parent":0,"menu_order":0,"comment_status":"closed","ping_status":"closed","template":"","meta":{"_acf_changed":false,"footnotes":""},"class_list":["post-12","page","type-page","status-publish","hentry"],"acf":[],"_links":{"self":[{"href":"https:\/\/new.queerbase.at\/fr\/wp-json\/wp\/v2\/pages\/12","targetHints":{"allow":["GET"]}}],"collection":[{"href":"https:\/\/new.queerbase.at\/fr\/wp-json\/wp\/v2\/pages"}],"about":[{"href":"https:\/\/new.queerbase.at\/fr\/wp-json\/wp\/v2\/types\/page"}],"author":[{"embeddable":true,"href":"https:\/\/new.queerbase.at\/fr\/wp-json\/wp\/v2\/users\/1"}],"replies":[{"embeddable":true,"href":"https:\/\/new.queerbase.at\/fr\/wp-json\/wp\/v2\/comments?post=12"}],"version-history":[{"count":9,"href":"https:\/\/new.queerbase.at\/fr\/wp-json\/wp\/v2\/pages\/12\/revisions"}],"predecessor-version":[{"id":150,"href":"https:\/\/new.queerbase.at\/fr\/wp-json\/wp\/v2\/pages\/12\/revisions\/150"}],"wp:attachment":[{"href":"https:\/\/new.queerbase.at\/fr\/wp-json\/wp\/v2\/media?parent=12"}],"curies":[{"name":"wp","href":"https:\/\/api.w.org\/{rel}","templated":true}]}}