
{"id":52,"date":"2025-08-13T10:54:21","date_gmt":"2025-08-13T08:54:21","guid":{"rendered":"http:\/\/new.queerbase.at\/?page_id=52"},"modified":"2025-12-05T13:47:11","modified_gmt":"2025-12-05T11:47:11","slug":"queer-base-cafe","status":"publish","type":"page","link":"https:\/\/new.queerbase.at\/fr\/we-speak-many-languages-learning-german-queer-base\/","title":{"rendered":"Queer Base Caf\u00e9"},"content":{"rendered":"<p><strong>BONJOUR ET BIENVENUE !<\/strong> <strong>Une communaut\u00e9 tendre, aimante et bienveillante pour tous<\/strong><\/p>\n\n\n\n<p>La Queer Base est un endroit sp\u00e9cial et notre Queer Base Caf\u00e9 a vu d\u00e9filer beaucoup de personnes diff\u00e9rentes, d'origines et d'histoires diverses, et il offre un espace o\u00f9 l'on peut venir et se sentir bien accueilli.<\/p>\n\n\n<style>\n    .line-accent {\n        width: var(--container-width);\n        margin-left: calc(var(--page-content-padding) * -1);\n        margin-right: calc(var(--page-content-padding) * -1);\n        padding: 12px var(--page-content-padding);\n    }\n\n    .line-accent__text p:first-child {\n        margin-top: 0;\n    }\n\n    .line-accent__text p:last-child {\n        margin-bottom: 0;\n    }\n\n    @media screen and (max-width: 768px) {\n        .line-accent {\n            width: calc(100% + (var(--page-content-padding) * 2));\n            margin-left: calc(var(--page-content-padding) * -1);\n            margin-right: calc(var(--page-content-padding) * -1);\n        }\n        \n    }\n<\/style>\n<div class=\"line-accent\" style=\"background-color: #662D91; color: #ffffff\">\n    <div class=\"line-accent__text\"><p><strong>Tous les jeudis de 18h \u00e0 20h, le Queer Base Caf\u00e9 est ouvert. Chaque dernier jeudi du mois a lieu le LesBiTrans Caf\u00e9, c'est-\u00e0-dire un caf\u00e9 sans hommes cis.\u00a0<\/strong><\/p>\n<\/div>\n<\/div>\n\n\n<p>La communaut\u00e9 Queer Base est, par son m\u00e9lange de personnes, l'un des environnements les plus vitaux que Vienne puisse offrir. Elle est pleine de joie et d'histoires d'homosexuels qui ont d\u00fb prendre beaucoup de risques pour arriver jusqu'ici.<\/p>\n\n\n\n<p>Tout le monde ici cherche la s\u00e9curit\u00e9 pour vivre pleinement sa vie et ne plus avoir honte d'\u00eatre lesbienne, bisexuel, gay, trans ou inter.<\/p>\n\n\n\n<p><strong>Ensemble, nous devons \u00e9galement nous pr\u00e9occuper des espaces que nous ouvrons, afin que chacun puisse se sentir accueilli, respect\u00e9 et aim\u00e9. Comment pouvons-nous y parvenir ?<\/strong><\/p>\n\n\n\n<p>Imaginez que c'est la premi\u00e8re fois que quelqu'un vient \u00e0 Queer Base, est-ce que quelqu'un lui dit bonjour ? Nous sommes tous des invit\u00e9s ici, mais certains d'entre nous connaissent d\u00e9j\u00e0 quelques autres. Pr\u00e9sentez-vous et voyez si le nouveau est pr\u00eat \u00e0 r\u00e9pondre.<\/p>\n\n\n\n<p>Nous avons tous des mani\u00e8res diff\u00e9rentes de dire bonjour : certains se serrent la main, d'autres s'embrassent sur les joues, d'autres encore se prennent dans les bras ou se tapent la main sur la poitrine. Nous montrons notre respect pour le corps de l'autre personne et lui demandons quelle est sa fa\u00e7on pr\u00e9f\u00e9r\u00e9e de saluer. \u00cates-vous du genre \u00e0 faire des c\u00e2lins ? Soyez attentif aux signaux que les gens vous envoient. Nous avons tous des moments de timidit\u00e9.<\/p>\n\n\n\n<p><strong>Nous voulons tous respecter les fronti\u00e8res personnelles. C'est certain !<\/strong><\/p>\n\n\n\n<p>Tout le monde doit se sentir le bienvenu, m\u00eame si ce n'est pas dans ses meilleurs jours. Parfois, nous ne voulons pas \u00eatre touch\u00e9s du tout, m\u00eame si nous avons partag\u00e9 un c\u00e2lin la semaine pr\u00e9c\u00e9dente. Si quelqu'un montre par son corps qu'il a besoin de plus de distance, soyez respectueux. Lorsque quelqu'un dit \"non\", vous repousse et se sent manifestement mal \u00e0 l'aise, arr\u00eatez ce que vous \u00eates en train de faire et donnez-lui de l'espace pour respirer.<\/p>\n\n\n\n<p>Il est vital pour nous tous de pouvoir nous sentir en s\u00e9curit\u00e9 et respect\u00e9s au sein de notre propre communaut\u00e9. Pour beaucoup, c'est un lieu de repos, de joie et d'excitation. Nous voulons que cet espace reste ouvert au plus grand nombre.<\/p>\n\n\n\n<p>Au Queer Base Caf\u00e9, nous ne servons pas non plus d'alcool, m\u00eame s'il est tr\u00e8s courant d'en boire en Autriche. Nous savons par exp\u00e9rience que les gens communiquent mieux lorsqu'ils ne sont pas ivres ou intoxiqu\u00e9s. S'il vous pla\u00eet, n'apportez pas d'alcool et si vous buvez de l'alcool, faites-le avec retenue, ne consommez pas de drogues au Caf\u00e9.<\/p>\n\n\n\n<p><strong>Nous ne voulons pas d\u00e9tourner le regard lorsque des conflits surviennent !<\/strong><\/p>\n\n\n\n<p>Il arrive que des personnes s'\u00e9nervent, qu'un conflit survienne, qu'un drame se profile \u00e0 l'horizon, qu'une discussion s'envenime. Pensez \u00e0 ce dont vous avez besoin pour vous calmer et apaiser la situation. Notre principal objectif est de fournir des soins tendres et aimants et un espace ouvert \u00e0 des histoires et des exp\u00e9riences tr\u00e8s diff\u00e9rentes. Si nous regardons, nous pouvons trouver beaucoup de conflits, mais si nous regardons avec l'intention d'aimer et de respecter, nous pouvons aussi trouver une voie plus pacifique. Il y a beaucoup de raisons d'\u00eatre frustr\u00e9 et en col\u00e8re, mais nous ne voulons pas diriger cette col\u00e8re vers notre propre communaut\u00e9. Si vous vous sentez d\u00e9pass\u00e9, il pourrait \u00eatre utile de demander \u00e0 quelqu'un de Queer Base de vous parler, de prendre un peu de temps et de prendre rendez-vous avec nous. Nous sommes l\u00e0 pour vous \u00e9couter.<\/p>\n\n\n<style>\n    .line-accent {\n        width: var(--container-width);\n        margin-left: calc(var(--page-content-padding) * -1);\n        margin-right: calc(var(--page-content-padding) * -1);\n        padding: 12px var(--page-content-padding);\n    }\n\n    .line-accent__text p:first-child {\n        margin-top: 0;\n    }\n\n    .line-accent__text p:last-child {\n        margin-bottom: 0;\n    }\n\n    @media screen and (max-width: 768px) {\n        .line-accent {\n            width: calc(100% + (var(--page-content-padding) * 2));\n            margin-left: calc(var(--page-content-padding) * -1);\n            margin-right: calc(var(--page-content-padding) * -1);\n        }\n        \n    }\n<\/style>\n<div class=\"line-accent\" style=\"background-color: #662D91; color: #ffffff\">\n    <div class=\"line-accent__text\"><p><strong>Qu'est-ce qui est important pour que vous vous sentiez bienvenu et en s\u00e9curit\u00e9 \u00e0 Queer Base ? Faites-nous le savoir<\/strong>. <strong>Envoyez-nous un message dans notre bo\u00eete de commentaires !<\/strong><\/p>\n<\/div>\n<\/div>\n\n\n\n\n<p><\/p>","protected":false},"excerpt":{"rendered":"<p>BONJOUR ET BIENVENUE ! Une communaut\u00e9 tendre, aimante et attentionn\u00e9e pour tous La Queer Base est un endroit sp\u00e9cial et notre Queer Base Caf\u00e9 a vu beaucoup de personnes diff\u00e9rentes d'horizons et d'histoires diff\u00e9rents et offre un espace pour venir se sentir le bienvenu. .line-accent { width: var(\u2013container-width); marge gauche\u00a0: calc(var(\u2013page-content-padding) * -1); marge droite\u00a0:\u2026<\/p>","protected":false},"author":1,"featured_media":0,"parent":0,"menu_order":0,"comment_status":"closed","ping_status":"closed","template":"","meta":{"_acf_changed":false,"footnotes":""},"class_list":["post-52","page","type-page","status-publish","hentry"],"acf":[],"_links":{"self":[{"href":"https:\/\/new.queerbase.at\/fr\/wp-json\/wp\/v2\/pages\/52","targetHints":{"allow":["GET"]}}],"collection":[{"href":"https:\/\/new.queerbase.at\/fr\/wp-json\/wp\/v2\/pages"}],"about":[{"href":"https:\/\/new.queerbase.at\/fr\/wp-json\/wp\/v2\/types\/page"}],"author":[{"embeddable":true,"href":"https:\/\/new.queerbase.at\/fr\/wp-json\/wp\/v2\/users\/1"}],"replies":[{"embeddable":true,"href":"https:\/\/new.queerbase.at\/fr\/wp-json\/wp\/v2\/comments?post=52"}],"version-history":[{"count":6,"href":"https:\/\/new.queerbase.at\/fr\/wp-json\/wp\/v2\/pages\/52\/revisions"}],"predecessor-version":[{"id":167,"href":"https:\/\/new.queerbase.at\/fr\/wp-json\/wp\/v2\/pages\/52\/revisions\/167"}],"wp:attachment":[{"href":"https:\/\/new.queerbase.at\/fr\/wp-json\/wp\/v2\/media?parent=52"}],"curies":[{"name":"wp","href":"https:\/\/api.w.org\/{rel}","templated":true}]}}