
{"id":55,"date":"2025-08-13T11:08:52","date_gmt":"2025-08-13T09:08:52","guid":{"rendered":"http:\/\/new.queerbase.at\/?page_id=55"},"modified":"2025-11-27T16:55:44","modified_gmt":"2025-11-27T14:55:44","slug":"impressum","status":"publish","type":"page","link":"https:\/\/new.queerbase.at\/fr\/impressum\/","title":{"rendered":"Impressum"},"content":{"rendered":"<p>Queer Base \u2013 Accueil et soutien aux r\u00e9fugi\u00e9s LGBTIQ<br>Fournitures pour lesbiennes, filles, bisexuelles, inter*, Trans*Gender et queere Fl\u00fcchtlinge<br>ZVR-Zahl: 785753514<br>Adresse : Schl\u00fcsselgasse 3\/3, 1040 Vienne<br>T\u00e9l. : +43 664 6594171<br>E-mail : asile@queerbase.at<\/p>\n\n\n\n<p>Kontoinhaberin\u00a0: Accueil et soutien de la base Queer aux r\u00e9fugi\u00e9s LGBTIQ<br>IBAN : AT21 2011 1843 4862 8801<br>BIC\u00a0: GIBAATWWXXX<\/p>\n\n\n\n<p><strong>Conseil<\/strong><br>pr\u00e9sident : Giti Pouria<br>copr\u00e9sident : Dr Gorji Marzban<br>tr\u00e9sori\u00e8re : Angela Schwarz<br>co-tr\u00e9sorier : Mag. Philippe Kopal<br>secr\u00e9taire : Lazkin Jafar<br>co-secr\u00e9taire : Rebecca Kirsche<\/p>","protected":false},"excerpt":{"rendered":"<p>Queer Base \u2013 Accueil et soutien aux r\u00e9fugi\u00e9s LGBTIQAnlaufstelle f\u00fcr lesbische, schwule, bisexuelle, inter*, Trans*Gender und queere Fl\u00fcchtlingeZVR \u2013 Zahl : 785753514Adresse : Schl\u00fcsselgasse 3\/3, 1040 WienT\u00e9l. : +43 664 6594171Email : Asile@queerbase.at Kontoinhaberin : Accueil et soutien de la base Queer aux r\u00e9fugi\u00e9s LGBTIQIBAN : AT21 2011 1843 4862 8801BIC : GIBAATWWXXX Pr\u00e9sident du conseil d'administration : Giti Pouriaco-pr\u00e9sident : Dr Gorji Marzbantr\u00e9sorier : Angela Schwarzco-tr\u00e9sori\u00e8re : Mag. Philip Kopalsecr\u00e9taire :\u2026<\/p>","protected":false},"author":1,"featured_media":0,"parent":0,"menu_order":0,"comment_status":"closed","ping_status":"closed","template":"","meta":{"_acf_changed":false,"footnotes":""},"class_list":["post-55","page","type-page","status-publish","hentry"],"acf":[],"_links":{"self":[{"href":"https:\/\/new.queerbase.at\/fr\/wp-json\/wp\/v2\/pages\/55","targetHints":{"allow":["GET"]}}],"collection":[{"href":"https:\/\/new.queerbase.at\/fr\/wp-json\/wp\/v2\/pages"}],"about":[{"href":"https:\/\/new.queerbase.at\/fr\/wp-json\/wp\/v2\/types\/page"}],"author":[{"embeddable":true,"href":"https:\/\/new.queerbase.at\/fr\/wp-json\/wp\/v2\/users\/1"}],"replies":[{"embeddable":true,"href":"https:\/\/new.queerbase.at\/fr\/wp-json\/wp\/v2\/comments?post=55"}],"version-history":[{"count":2,"href":"https:\/\/new.queerbase.at\/fr\/wp-json\/wp\/v2\/pages\/55\/revisions"}],"predecessor-version":[{"id":152,"href":"https:\/\/new.queerbase.at\/fr\/wp-json\/wp\/v2\/pages\/55\/revisions\/152"}],"wp:attachment":[{"href":"https:\/\/new.queerbase.at\/fr\/wp-json\/wp\/v2\/media?parent=55"}],"curies":[{"name":"wp","href":"https:\/\/api.w.org\/{rel}","templated":true}]}}