
{"id":58,"date":"2025-08-13T11:09:27","date_gmt":"2025-08-13T09:09:27","guid":{"rendered":"http:\/\/new.queerbase.at\/?page_id=58"},"modified":"2025-08-13T11:09:28","modified_gmt":"2025-08-13T09:09:28","slug":"privacy-policy","status":"publish","type":"page","link":"https:\/\/new.queerbase.at\/fr\/privacy-policy\/","title":{"rendered":"Politique de confidentialit\u00e9"},"content":{"rendered":"\n<p><strong>Who we are<\/strong><br>Our website address is:&nbsp;<a href=\"http:\/\/queerbase.at\/\">http:\/\/queerbase.at<\/a>.<br>What personal data we collect and why we collect it<\/p>\n\n\n\n<p><strong>Comments<\/strong><br>When visitors leave comments on the site we collect the data shown in the comments form, and also the visitor\u2019s IP address and browser user agent string to help spam detection.<\/p>\n\n\n\n<p>An anonymized string created from your email address (also called a hash) may be provided to the Gravatar service to see if you are using it. The Gravatar service privacy policy is available here: https:\/\/automattic.com\/privacy\/. After approval of your comment, your profile picture is visible to the public in the context of your comment.<\/p>\n\n\n\n<p><strong>Media<\/strong><br>If you upload images to the website, you should avoid uploading images with embedded location data (EXIF GPS) included. Visitors to the website can download and extract any location data from images on the website.<\/p>\n\n\n\n<p><strong>Cookies<\/strong><br>If you leave a comment on our site you may opt-in to saving your name, email address and website in cookies. These are for your convenience so that you do not have to fill in your details again when you leave another comment. These cookies will last for one year.<\/p>\n\n\n\n<p>If you have an account and you log in to this site, we will set a temporary cookie to determine if your browser accepts cookies. This cookie contains no personal data and is discarded when you close your browser.<\/p>\n\n\n\n<p>When you log in, we will also set up several cookies to save your login information and your screen display choices. Login cookies last for two days, and screen options cookies last for a year. If you select \u201cRemember Me\u201d, your login will persist for two weeks. If you log out of your account, the login cookies will be removed.<\/p>\n\n\n\n<p>If you edit or publish an article, an additional cookie will be saved in your browser. This cookie includes no personal data and simply indicates the post ID of the article you just edited. It expires after 1 day.<br>Embedded content from other websites<\/p>\n\n\n\n<p>Articles on this site may include embedded content (e.g. videos, images, articles, etc.). Embedded content from other websites behaves in the exact same way as if the visitor has visited the other website.<\/p>\n\n\n\n<p>These websites may collect data about you, use cookies, embed additional third-party tracking, and monitor your interaction with that embedded content, including tracing your interaction with the embedded content if you have an account and are logged in to that website.<\/p>\n\n\n\n<p><strong>Analytics<\/strong><br>Who we share your data with<br>We use the plugins WPML and Akismet.<\/p>\n\n\n\n<p>WPML uses cookies to identify the visitor\u2019s current language, the last visited language and the language of users who have logged in. While we use the plugin, WPML will share data regarding the site through Installer. No data from the user itself will be shared.<br>Akismet collect information about visitors who comment on Sites that use the Akismet anti-spam service. The information they collect typically includes the commenter\u2019s IP address, user agent, referrer, and Site URL (along with other information directly provided by the commenter such as their name, username, email address, and the comment itself).<\/p>\n\n\n\n<p><strong>How long we retain your data<br><\/strong>If you leave a comment, the comment and its metadata are retained indefinitely. This is so we can recognize and approve any follow-up comments automatically instead of holding them in a moderation queue.<\/p>\n\n\n\n<p>For users that register on our website (if any), we also store the personal information they provide in their user profile. All users can see, edit, or delete their personal information at any time (except they cannot change their username). Website administrators can also see and edit that information.<br>What rights you have over your data<\/p>\n\n\n\n<p>If you have an account on this site, or have left comments, you can request to receive an exported file of the personal data we hold about you, including any data you have provided to us. You can also request that we erase any personal data we hold about you. This does not include any data we are obliged to keep for administrative, legal, or security purposes.<\/p>\n\n\n\n<p><strong>Where we send your data<br><\/strong>Visitor comments may be checked through an automated spam detection service.<\/p>\n\n\n\n<p><strong>Your contact information<br><\/strong><a href=\"http:\/\/queerbase.at\/\">http:\/\/queerbase.at<\/a><br>Email: asylum[at]queerbase.at<br>Phone: 00436646594171<br>Address: Linke Wienzeile 102; 1060 Vienna<br>Accessibility: U4 \/ 12A \/ 13A \/ 14A Pilgramgasse<\/p>\n","protected":false},"excerpt":{"rendered":"<p>Qui nous sommesL'adresse de notre site Web est&nbsp;:&nbsp;http:\/\/queerbase.at.Quelles donn\u00e9es personnelles nous collectons et pourquoi nous les collectons. CommentairesLorsque les visiteurs laissent des commentaires sur le site, nous collectons les donn\u00e9es affich\u00e9es dans le formulaire de commentaires, ainsi que l'adresse IP du visiteur et la cha\u00eene de l'agent utilisateur du navigateur pour faciliter la d\u00e9tection du spam. Une cha\u00eene anonymis\u00e9e cr\u00e9\u00e9e \u00e0 partir de votre adresse email (\u00e9galement\u2026<\/p>","protected":false},"author":1,"featured_media":0,"parent":0,"menu_order":0,"comment_status":"closed","ping_status":"closed","template":"","meta":{"_acf_changed":false,"footnotes":""},"class_list":["post-58","page","type-page","status-publish","hentry"],"acf":[],"_links":{"self":[{"href":"https:\/\/new.queerbase.at\/fr\/wp-json\/wp\/v2\/pages\/58","targetHints":{"allow":["GET"]}}],"collection":[{"href":"https:\/\/new.queerbase.at\/fr\/wp-json\/wp\/v2\/pages"}],"about":[{"href":"https:\/\/new.queerbase.at\/fr\/wp-json\/wp\/v2\/types\/page"}],"author":[{"embeddable":true,"href":"https:\/\/new.queerbase.at\/fr\/wp-json\/wp\/v2\/users\/1"}],"replies":[{"embeddable":true,"href":"https:\/\/new.queerbase.at\/fr\/wp-json\/wp\/v2\/comments?post=58"}],"version-history":[{"count":1,"href":"https:\/\/new.queerbase.at\/fr\/wp-json\/wp\/v2\/pages\/58\/revisions"}],"predecessor-version":[{"id":59,"href":"https:\/\/new.queerbase.at\/fr\/wp-json\/wp\/v2\/pages\/58\/revisions\/59"}],"wp:attachment":[{"href":"https:\/\/new.queerbase.at\/fr\/wp-json\/wp\/v2\/media?parent=58"}],"curies":[{"name":"wp","href":"https:\/\/api.w.org\/{rel}","templated":true}]}}