
{"id":12,"date":"2025-08-12T23:31:59","date_gmt":"2025-08-12T21:31:59","guid":{"rendered":"http:\/\/new.queerbase.at\/?page_id=12"},"modified":"2025-11-27T16:00:49","modified_gmt":"2025-11-27T14:00:49","slug":"home-page","status":"publish","type":"page","link":"https:\/\/new.queerbase.at\/tr\/","title":{"rendered":"Queer Base"},"content":{"rendered":"<p><strong>Yard\u0131ma ihtiyac\u0131 olan queer bir m\u00fclteciyseniz burada derli toplu bilgiler bulabilirsiniz. Daha fazlas\u0131n\u0131 \u00f6\u011frenmek istiyorsan\u0131z&nbsp;<a href=\"https:\/\/friends.queerbase.at\/\" target=\"_blank\" rel=\"noreferrer noopener\">Queer Base Dostlar\u0131<\/a>&nbsp;Web sitesi!<\/strong><\/p>\n\n\n\n<p>Cinselli\u011finiz veya cinsiyet kimli\u011finiz nedeniyle \u00fclkenizde zul\u00fcm g\u00f6r\u00fcyor veya ayr\u0131mc\u0131l\u0131\u011fa m\u0131 u\u011fruyorsunuz? Queer Base, Avusturya'ya ka\u00e7an lezbiyen, gey, biseks\u00fcel, trans, interseks ve queer\/sorgulayan ki\u015filere (LGBTIQ) yard\u0131m eder ve onlar\u0131 destekler.<\/p>\n\n\n<style>\n    .line-accent {\n        width: var(--container-width);\n        margin-left: calc(var(--page-content-padding) * -1);\n        margin-right: calc(var(--page-content-padding) * -1);\n        padding: 12px var(--page-content-padding);\n    }\n\n    .line-accent__text p:first-child {\n        margin-top: 0;\n    }\n\n    .line-accent__text p:last-child {\n        margin-bottom: 0;\n    }\n\n    @media screen and (max-width: 768px) {\n        .line-accent {\n            width: calc(100% + (var(--page-content-padding) * 2));\n            margin-left: calc(var(--page-content-padding) * -1);\n            margin-right: calc(var(--page-content-padding) * -1);\n        }\n        \n    }\n<\/style>\n<div class=\"line-accent\" style=\"background-color: #662D91; color: #fff\">\n    <div class=\"line-accent__text\"><p><strong>Queer Base, s\u0131\u011f\u0131nma ve LGBTIQ ile ilgili konular\u0131 ele alan, herkese a\u00e7\u0131k d\u00fczenli dan\u0131\u015fma oturumlar\u0131 sunmaktad\u0131r.\u00a0<\/strong><\/p>\n<\/div>\n<\/div>\n\n\n<p class=\"translation-block\"><strong>Yasal<\/strong> konular, <strong>sosyal<\/strong> konular ve <strong>d\u0131\u015fa a\u00e7\u0131lma<\/strong> ile ilgili dan\u0131\u015fmanl\u0131\u011f\u0131n yan\u0131 s\u0131ra toplumla a\u011f kurma ve <strong>t\u0131bbi<\/strong> ve <strong>psikolojik<\/strong> endi\u015feler i\u00e7in destek sunuyoruz. Daha sonra sizi bu alanlardaki uzmanlara y\u00f6nlendiriyoruz. Ayr\u0131ca iltica sistemine dahil olan kurulu\u015flar i\u00e7in <strong>e\u011fitim<\/strong> f\u0131rsatlar\u0131 da sunuyoruz.<\/p>\n\n\n\n<p class=\"translation-block\">Cinsel y\u00f6neliminiz ve cinsiyet kimli\u011finizle ilgili sorular\u0131 <strong>\u00e7evirmenin<\/strong> \u00e7ok hassas bir konu oldu\u011funu biliyoruz. Bu nedenle \u00e7o\u011funlukla kendileri de LGBTIQ olan \u00e7evirmenlerle \u00e7al\u0131\u015f\u0131yoruz. Diakonie Lares, Tralalobe, Volkshilfe, Samariterbund ve Caritas ile birlikte iltica talebinde bulunan LGBTIQ s\u0131\u011f\u0131nmac\u0131lar i\u00e7in <strong>konaklama<\/strong> ayarl\u0131yoruz.<\/p>\n\n\n\n<p>Her per\u015fembe saat 18.00'de kat\u0131lmaya davetlisiniz. <a href=\"https:\/\/new.queerbase.at\/tr\/queer-base-cafe\/\" data-type=\"page\" data-id=\"52\">Queer Base Kafe<\/a> ve bizi tan\u0131mak i\u00e7in!<\/p>\n\n\n\n<p><strong>\u00c7al\u0131\u015fma saatlerimiz<\/strong><br>Pazartesi 11:00 - 17:00<br>Sal\u0131 11:00 - 13:00<br>\u00c7ar\u015famba 11:00 - 17:00<br>Per\u015fembe 15:00 - 18:00<\/p>\n\n\n\n<p><strong>\u0130\u015fte bizi nas\u0131l bulaca\u011f\u0131n\u0131z:<\/strong><br>Web sitesi:&nbsp;<a href=\"http:\/\/queerbase.at\/\">http:\/\/queerbase.at\/<\/a><br><a href=\"http:\/\/friends.queerbase.at\/\">http:\/\/friends.queerbase.at\/<\/a><br>E-posta:&nbsp;<a href=\"mailto:asylum@queerbase.at\">asylum@queerbase.at<\/a><br>Telefon: 00436646594171<br>Adres Schl\u00fcsselgasse 3\/3 1040 Wien<br>Oraya nas\u0131l gidilir: 13A Johann-Strau\u00df-Gasse | U1 Taubstummengasse<\/p>","protected":false},"excerpt":{"rendered":"<p>Yard\u0131ma ihtiyac\u0131 olan e\u015fcinsel bir m\u00fclteciyseniz burada k\u0131sa bilgiler bulabilirsiniz. Daha fazlas\u0131n\u0131 \u00f6\u011frenmek istiyorsan\u0131z Queer Base Dostlar\u0131 Web Sitemizi ziyaret edin! Kendi \u00fclkenizde cinselli\u011finiz veya cinsiyet kimli\u011finiz nedeniyle zulme mi u\u011fruyorsunuz veya ayr\u0131mc\u0131l\u0131\u011fa m\u0131 u\u011fruyorsunuz? Queer Base lezbiyenlere, geylere, biseks\u00fcellere, translara yard\u0131m ediyor ve destekliyor\u2026<\/p>","protected":false},"author":1,"featured_media":0,"parent":0,"menu_order":0,"comment_status":"closed","ping_status":"closed","template":"","meta":{"_acf_changed":false,"footnotes":""},"class_list":["post-12","page","type-page","status-publish","hentry"],"acf":[],"_links":{"self":[{"href":"https:\/\/new.queerbase.at\/tr\/wp-json\/wp\/v2\/pages\/12","targetHints":{"allow":["GET"]}}],"collection":[{"href":"https:\/\/new.queerbase.at\/tr\/wp-json\/wp\/v2\/pages"}],"about":[{"href":"https:\/\/new.queerbase.at\/tr\/wp-json\/wp\/v2\/types\/page"}],"author":[{"embeddable":true,"href":"https:\/\/new.queerbase.at\/tr\/wp-json\/wp\/v2\/users\/1"}],"replies":[{"embeddable":true,"href":"https:\/\/new.queerbase.at\/tr\/wp-json\/wp\/v2\/comments?post=12"}],"version-history":[{"count":9,"href":"https:\/\/new.queerbase.at\/tr\/wp-json\/wp\/v2\/pages\/12\/revisions"}],"predecessor-version":[{"id":150,"href":"https:\/\/new.queerbase.at\/tr\/wp-json\/wp\/v2\/pages\/12\/revisions\/150"}],"wp:attachment":[{"href":"https:\/\/new.queerbase.at\/tr\/wp-json\/wp\/v2\/media?parent=12"}],"curies":[{"name":"wp","href":"https:\/\/api.w.org\/{rel}","templated":true}]}}