
{"id":52,"date":"2025-08-13T10:54:21","date_gmt":"2025-08-13T08:54:21","guid":{"rendered":"http:\/\/new.queerbase.at\/?page_id=52"},"modified":"2025-12-05T13:47:11","modified_gmt":"2025-12-05T11:47:11","slug":"queer-base-cafe","status":"publish","type":"page","link":"https:\/\/new.queerbase.at\/tr\/queer-base-cafe\/","title":{"rendered":"Queer Base Kafe"},"content":{"rendered":"<p><strong>MERHABA VE HO\u015eGELD\u0130N\u0130Z!<\/strong> <strong>Herkes i\u00e7in hassas, sevgi dolu ve \u015fefkatli bir topluluk<\/strong><\/p>\n\n\n\n<p>Queer Base \u00f6zel bir yer ve Queer Base Caf\u00e9'miz farkl\u0131 ge\u00e7mi\u015flerden ve hikayelerden bir\u00e7ok farkl\u0131 insan\u0131 g\u00f6rd\u00fc ve gelip ho\u015f kar\u015f\u0131lanman\u0131z i\u00e7in bir alan sa\u011fl\u0131yor.<\/p>\n\n\n<style>\n    .line-accent {\n        width: var(--container-width);\n        margin-left: calc(var(--page-content-padding) * -1);\n        margin-right: calc(var(--page-content-padding) * -1);\n        padding: 12px var(--page-content-padding);\n    }\n\n    .line-accent__text p:first-child {\n        margin-top: 0;\n    }\n\n    .line-accent__text p:last-child {\n        margin-bottom: 0;\n    }\n\n    @media screen and (max-width: 768px) {\n        .line-accent {\n            width: calc(100% + (var(--page-content-padding) * 2));\n            margin-left: calc(var(--page-content-padding) * -1);\n            margin-right: calc(var(--page-content-padding) * -1);\n        }\n        \n    }\n<\/style>\n<div class=\"line-accent\" style=\"background-color: #662D91; color: #ffffff\">\n    <div class=\"line-accent__text\"><p><strong>Queer Base Caf\u00e9 her per\u015fembe 18:00 - 20:00 saatleri aras\u0131nda a\u00e7\u0131kt\u0131r. Her ay\u0131n son per\u015fembesi LesBiTrans Caf\u00e9'dir, bu da cis erkeklerin olmad\u0131\u011f\u0131 bir kafe anlam\u0131na gelir.\u00a0<\/strong><\/p>\n<\/div>\n<\/div>\n\n\n<p>Queer Base toplulu\u011fu, Viyana'n\u0131n sundu\u011fu en hayati ortamlardan biri olan insan kar\u0131\u015f\u0131m\u0131d\u0131r. Ne\u015fe dolu ve buraya gelmek i\u00e7in pek \u00e7ok risk almak zorunda kalan e\u015fcinsellerin hikayeleriyle dolu.<\/p>\n\n\n\n<p>Burada herkes lezbiyen, biseks\u00fcel, gey, trans ya da interseks oldu\u011funuz i\u00e7in art\u0131k utanmamak ve hayat\u0131 dolu dolu ya\u015famak i\u00e7in g\u00fcvenlik ar\u0131yor.<\/p>\n\n\n\n<p><strong>Herkesin ho\u015f kar\u015f\u0131land\u0131\u011f\u0131n\u0131, sayg\u0131 duyuldu\u011funu ve sevildi\u011fini hissedebilmesi i\u00e7in birlikte a\u00e7t\u0131\u011f\u0131m\u0131z alanlara da \u00f6nem vermemiz gerekiyor. Bunu nas\u0131l yapabiliriz?<\/strong><\/p>\n\n\n\n<p>Birisinin Queer Base'e ilk kez geldi\u011fini hayal edin, merhaba diyen var m\u0131? Burada hepimiz misafiriz ama baz\u0131lar\u0131m\u0131z birka\u00e7 ki\u015fiyi zaten tan\u0131yor. Kendinizi tan\u0131t\u0131n ve aceminin yan\u0131t vermeye haz\u0131r olup olmad\u0131\u011f\u0131n\u0131 g\u00f6r\u00fcn.<\/p>\n\n\n\n<p>Hepimizin farkl\u0131 merhaba deme yollar\u0131 vard\u0131r; baz\u0131lar\u0131 el s\u0131k\u0131\u015f\u0131r, baz\u0131lar\u0131 yanaklardan \u00f6p\u00fc\u015f\u00fcr, baz\u0131lar\u0131 kucakla\u015f\u0131r veya eliyle g\u00f6\u011fs\u00fcne dokunur. Kar\u015f\u0131m\u0131zdakinin bedenine sayg\u0131m\u0131z\u0131 g\u00f6steririz ve tercih etti\u011fi selamla\u015fma \u015fekillerinin neler oldu\u011funu sorar\u0131z. Daha b\u00fcy\u00fck m\u00fcs\u00fcn? L\u00fctfen insanlar\u0131n g\u00f6nderdi\u011fi sinyallere kar\u015f\u0131 duyarl\u0131 olun. Hepimizin \u00e7ekingen anlar\u0131 vard\u0131r.<\/p>\n\n\n\n<p><strong>Hepimiz ki\u015fisel s\u0131n\u0131rlara sayg\u0131 duymak isteriz. Elbette!<\/strong><\/p>\n\n\n\n<p>Herkes en iyi g\u00fcnlerinde bile ho\u015f kar\u015f\u0131lanmal\u0131. Bazen, bir hafta \u00f6nce birbirimize sar\u0131lm\u0131\u015f olsak bile, hi\u00e7 dokunulmak istemeyiz. Birisi v\u00fccuduyla daha fazla mesafeye ihtiyac\u0131 oldu\u011funu g\u00f6steriyorsa l\u00fctfen sayg\u0131l\u0131 olun. Birisi \"hay\u0131r\" dedi\u011finde, sizi uzakla\u015ft\u0131rd\u0131\u011f\u0131nda ve a\u00e7\u0131k\u00e7a rahats\u0131z hissetti\u011finde, yapt\u0131\u011f\u0131n\u0131z i\u015fi b\u0131rak\u0131n ve nefes almak i\u00e7in alan b\u0131rak\u0131n.<\/p>\n\n\n\n<p>Kendi toplulu\u011fumuz i\u00e7inde kendimizi g\u00fcvende ve sayg\u0131 duyuldu\u011funu hissedebilmemiz hepimiz i\u00e7in hayati \u00f6neme sahiptir. Bir\u00e7oklar\u0131 i\u00e7in buras\u0131 bir dinlenme yeridir; ne\u015feli ve heyecan verici. Alan\u0131 m\u00fcmk\u00fcn oldu\u011fu kadar \u00e7ok ki\u015fiye a\u00e7\u0131k tutmak istiyoruz.<\/p>\n\n\n\n<p>Avusturya'da alkol t\u00fcketimi \u00e7ok yayg\u0131n olmas\u0131na ra\u011fmen Queer Base Caf\u00e9'de alkol servisi de yapm\u0131yoruz. Deneyimlerimize g\u00f6re insanlar\u0131n sarho\u015f olmad\u0131klar\u0131nda veya sarho\u015f olmad\u0131klar\u0131nda daha iyi ileti\u015fim kurabildiklerini biliyoruz. L\u00fctfen yan\u0131n\u0131zda alkol getirmeyin ve alkol kullan\u0131yorsan\u0131z bunu \u00f6l\u00e7\u00fcl\u00fc yap\u0131n, Kafede uyu\u015fturucu kullanmay\u0131n.<\/p>\n\n\n\n<p><strong>\u00c7at\u0131\u015fmalar meydana geldi\u011finde g\u00f6zlerimizi ka\u00e7\u0131rmak istemiyoruz!<\/strong><\/p>\n\n\n\n<p>Bazen insanlar \u00fcz\u00fcl\u00fcr, bir \u00e7at\u0131\u015fma ya\u015fanabilir, ufukta drama belirir, tart\u0131\u015fma k\u0131z\u0131\u015f\u0131r. Kendinizi ve bir durumu sakinle\u015ftirmek i\u00e7in neye ihtiyac\u0131n\u0131z oldu\u011funu kendi kendinize d\u00fc\u015f\u00fcn\u00fcn. En b\u00fcy\u00fck hedefimiz \u015fefkatli, sevgi dolu bir bak\u0131m ve \u00e7ok farkl\u0131 hikayelere ve deneyimlere a\u00e7\u0131k bir alan sunmakt\u0131r. Bakarsak pek \u00e7ok \u00e7at\u0131\u015fma bulabiliriz ama sevgi ve sayg\u0131 niyetiyle bakarsak daha bar\u0131\u015f\u00e7\u0131l bir yol da bulabiliriz. Hayal k\u0131r\u0131kl\u0131\u011f\u0131na u\u011framak ve \u00f6fkelenmek i\u00e7in pek \u00e7ok neden var ama biz bu \u00f6fkeyi kendi toplumumuza y\u00f6nlendirmek istemiyoruz. E\u011fer bunalm\u0131\u015fsan\u0131z, Queer Base'den birinden konu\u015fmas\u0131n\u0131 istemek, biraz daha zaman kazanmak ve bizimle randevu almak faydal\u0131 olabilir. Dinlemek i\u00e7in buraday\u0131z.<\/p>\n\n\n<style>\n    .line-accent {\n        width: var(--container-width);\n        margin-left: calc(var(--page-content-padding) * -1);\n        margin-right: calc(var(--page-content-padding) * -1);\n        padding: 12px var(--page-content-padding);\n    }\n\n    .line-accent__text p:first-child {\n        margin-top: 0;\n    }\n\n    .line-accent__text p:last-child {\n        margin-bottom: 0;\n    }\n\n    @media screen and (max-width: 768px) {\n        .line-accent {\n            width: calc(100% + (var(--page-content-padding) * 2));\n            margin-left: calc(var(--page-content-padding) * -1);\n            margin-right: calc(var(--page-content-padding) * -1);\n        }\n        \n    }\n<\/style>\n<div class=\"line-accent\" style=\"background-color: #662D91; color: #ffffff\">\n    <div class=\"line-accent__text\"><p><strong>Queer Base'de ho\u015f kar\u015f\u0131lanman\u0131z ve g\u00fcvende hissetmeniz i\u00e7in neyin \u00f6nemli oldu\u011funu d\u00fc\u015f\u00fcn\u00fcyorsunuz? Bize bildirin<\/strong>. <strong>Geribildirim Kutumuza bize bir mesaj b\u0131rak\u0131n!<\/strong><\/p>\n<\/div>\n<\/div>\n\n\n\n\n<p><\/p>","protected":false},"excerpt":{"rendered":"<p>MERHABA VE HO\u015eGELD\u0130N\u0130Z! Herkes i\u00e7in \u015fefkatli, sevgi dolu ve \u015fefkatli bir topluluk Queer Base \u00f6zel bir yerdir ve Queer Base Caf\u00e9'miz farkl\u0131 ge\u00e7mi\u015flerden ve hikayelerden bir\u00e7ok farkl\u0131 insan\u0131 g\u00f6rm\u00fc\u015f ve gelip ho\u015f kar\u015f\u0131lanman\u0131z i\u00e7in bir alan sa\u011flamaktad\u0131r. .line-accent { geni\u015flik: var(\u2013container-width); sol kenar bo\u015flu\u011fu: calc(var(\u2013page-content-padding) * -1); sa\u011f kenar bo\u015flu\u011fu:\u2026<\/p>","protected":false},"author":1,"featured_media":0,"parent":0,"menu_order":0,"comment_status":"closed","ping_status":"closed","template":"","meta":{"_acf_changed":false,"footnotes":""},"class_list":["post-52","page","type-page","status-publish","hentry"],"acf":[],"_links":{"self":[{"href":"https:\/\/new.queerbase.at\/tr\/wp-json\/wp\/v2\/pages\/52","targetHints":{"allow":["GET"]}}],"collection":[{"href":"https:\/\/new.queerbase.at\/tr\/wp-json\/wp\/v2\/pages"}],"about":[{"href":"https:\/\/new.queerbase.at\/tr\/wp-json\/wp\/v2\/types\/page"}],"author":[{"embeddable":true,"href":"https:\/\/new.queerbase.at\/tr\/wp-json\/wp\/v2\/users\/1"}],"replies":[{"embeddable":true,"href":"https:\/\/new.queerbase.at\/tr\/wp-json\/wp\/v2\/comments?post=52"}],"version-history":[{"count":6,"href":"https:\/\/new.queerbase.at\/tr\/wp-json\/wp\/v2\/pages\/52\/revisions"}],"predecessor-version":[{"id":167,"href":"https:\/\/new.queerbase.at\/tr\/wp-json\/wp\/v2\/pages\/52\/revisions\/167"}],"wp:attachment":[{"href":"https:\/\/new.queerbase.at\/tr\/wp-json\/wp\/v2\/media?parent=52"}],"curies":[{"name":"wp","href":"https:\/\/api.w.org\/{rel}","templated":true}]}}