
{"id":55,"date":"2025-08-13T11:08:52","date_gmt":"2025-08-13T09:08:52","guid":{"rendered":"http:\/\/new.queerbase.at\/?page_id=55"},"modified":"2025-11-27T16:55:44","modified_gmt":"2025-11-27T14:55:44","slug":"impressum","status":"publish","type":"page","link":"https:\/\/new.queerbase.at\/tr\/impressum\/","title":{"rendered":"Impressum"},"content":{"rendered":"<p>Queer Base \u2013 LGBT\u0130Q M\u00fcltecilere Kar\u015f\u0131lama ve Destek<br>Lesbische, schwule, biseks\u00fcel, inter*, Trans*Gender ve queere Fl\u00fcchtlinge i\u00e7in Anlaufstelle<br>ZVR \u2013 Zahl: 785753514<br>Adres: Schl\u00fcsselgasse 3\/3, 1040 Wien<br>Tel.: +43 664 6594171<br>E-posta: asylum@queerbase.at<\/p>\n\n\n\n<p>Kontoinhaberin: LGBTIQ M\u00fcltecilere Queer Base Kar\u015f\u0131lama ve Destek<br>IBAN: AT21 2011 1843 4862 8801<br>BIC: GIBAATWWXXX<\/p>\n\n\n\n<p><strong>Pano<\/strong><br>Ba\u015fkan: Giti Pouria<br>E\u015fba\u015fkan: Dr. Gorji Marzban<br>sayman: Angela Schwarz<br>e\u015f sayman: Mag. Philip Kopal<br>Sekreter: Lazkin Cafer<br>yard\u0131mc\u0131 sekreter: Rebecca Kirsche<\/p>","protected":false},"excerpt":{"rendered":"<p>Queer Base \u2013 LGBTIQ M\u00fclteciler i\u00e7in Kar\u015f\u0131lama ve DestekAnlaufstelle f\u00fcr lesbische, schwule, bisexuelle, inter*, Trans*Gender und queere Fl\u00fcchtlingeZVR \u2013 Zahl: 785753514Adres: Schl\u00fcsselgasse 3\/3, 1040 WienTel.: +43 664 6594171E-posta: asylum@queerbase.at Kontoinhaberin: LGBTIQ M\u00fclteciler i\u00e7in Queer Base Kar\u015f\u0131lama ve Destek IBAN: AT21 2011 1843 4862 8801BIC: GIBAATWWXXX Y\u00f6netim Kurulu Ba\u015fkan\u0131: Giti Pouriaco-ba\u015fkan: Dr. Gorji Marzbansayman: Angela Schwarzco-sayman: Mag. Philip Kopalsekreter:\u2026<\/p>","protected":false},"author":1,"featured_media":0,"parent":0,"menu_order":0,"comment_status":"closed","ping_status":"closed","template":"","meta":{"_acf_changed":false,"footnotes":""},"class_list":["post-55","page","type-page","status-publish","hentry"],"acf":[],"_links":{"self":[{"href":"https:\/\/new.queerbase.at\/tr\/wp-json\/wp\/v2\/pages\/55","targetHints":{"allow":["GET"]}}],"collection":[{"href":"https:\/\/new.queerbase.at\/tr\/wp-json\/wp\/v2\/pages"}],"about":[{"href":"https:\/\/new.queerbase.at\/tr\/wp-json\/wp\/v2\/types\/page"}],"author":[{"embeddable":true,"href":"https:\/\/new.queerbase.at\/tr\/wp-json\/wp\/v2\/users\/1"}],"replies":[{"embeddable":true,"href":"https:\/\/new.queerbase.at\/tr\/wp-json\/wp\/v2\/comments?post=55"}],"version-history":[{"count":2,"href":"https:\/\/new.queerbase.at\/tr\/wp-json\/wp\/v2\/pages\/55\/revisions"}],"predecessor-version":[{"id":152,"href":"https:\/\/new.queerbase.at\/tr\/wp-json\/wp\/v2\/pages\/55\/revisions\/152"}],"wp:attachment":[{"href":"https:\/\/new.queerbase.at\/tr\/wp-json\/wp\/v2\/media?parent=55"}],"curies":[{"name":"wp","href":"https:\/\/api.w.org\/{rel}","templated":true}]}}